{"id":20,"date":"2025-06-03T18:25:24","date_gmt":"2025-06-03T18:25:24","guid":{"rendered":"https:\/\/pewma.ubiobio.cl\/?page_id=20"},"modified":"2025-06-05T20:13:43","modified_gmt":"2025-06-05T20:13:43","slug":"home","status":"publish","type":"page","link":"https:\/\/pewma.ubiobio.cl\/?page_id=20","title":{"rendered":"PEWMA"},"content":{"rendered":"\n<p>El SuperComputador\u00a0<strong>PEWMA de la Universidad del B\u00edo-B\u00edo , potencia la computaci\u00f3n al m\u00e1ximo gracias a la aceleraci\u00f3n por GPU.<\/strong> <\/p>\n\n\n\n<p>&#8220;Pewma&#8221;\u00a0en mapudung\u00fan <mark>significa sue\u00f1o<\/mark>.\u00a0En la cultura mapuche, los sue\u00f1os tienen una importancia especial, consider\u00e1ndose un medio de comunicaci\u00f3n entre el mundo f\u00edsico y el mundo espiritual, un portal para conectar con los ancestros y la naturaleza.\u00a0<\/p>\n\n\n\n<p>Equipado con la plataforma\u00a0<strong>NVIDIA DGX A100<\/strong>, PEWMA es un supercomputador de \u00faltima generaci\u00f3n dise\u00f1ado para enfrentar los desaf\u00edos m\u00e1s exigentes en inteligencia artificial, ciencia de datos y simulaciones de alto rendimiento.<\/p>\n\n\n\n<p>Su arquitectura basada en m\u00faltiples GPUs permite procesar tareas complejas en paralelo, reduciendo dr\u00e1sticamente los tiempos de c\u00f3mputo. Esto se traduce en mayor velocidad, eficiencia y un rendimiento excepcional que abre nuevas posibilidades para la investigaci\u00f3n cient\u00edfica, tecnol\u00f3gica y aplicada. (Potencia extrema para ideas extraordinarias)<\/p>\n\n\n\n<p><\/p>\n\n\n\n<p><\/p>\n","protected":false},"excerpt":{"rendered":"<p>El SuperComputador\u00a0PEWMA de la Universidad del B\u00edo-B\u00edo , potencia la computaci\u00f3n al m\u00e1ximo gracias a la aceleraci\u00f3n por GPU. &#8220;Pewma&#8221;\u00a0en mapudung\u00fan significa sue\u00f1o.\u00a0En la cultura mapuche, los sue\u00f1os tienen una importancia especial, consider\u00e1ndose un medio de comunicaci\u00f3n entre el mundo f\u00edsico y el mundo espiritual, un portal para conectar con los ancestros y la naturaleza.\u00a0 &hellip; <\/p>\n<p class=\"link-more\"><a href=\"https:\/\/pewma.ubiobio.cl\/?page_id=20\" class=\"more-link\">Continue reading<span class=\"screen-reader-text\"> &#8220;PEWMA&#8221;<\/span><\/a><\/p>\n","protected":false},"author":1,"featured_media":0,"parent":0,"menu_order":0,"comment_status":"closed","ping_status":"closed","template":"","meta":{"footnotes":""},"class_list":["post-20","page","type-page","status-publish","hentry"],"_links":{"self":[{"href":"https:\/\/pewma.ubiobio.cl\/index.php?rest_route=\/wp\/v2\/pages\/20","targetHints":{"allow":["GET"]}}],"collection":[{"href":"https:\/\/pewma.ubiobio.cl\/index.php?rest_route=\/wp\/v2\/pages"}],"about":[{"href":"https:\/\/pewma.ubiobio.cl\/index.php?rest_route=\/wp\/v2\/types\/page"}],"author":[{"embeddable":true,"href":"https:\/\/pewma.ubiobio.cl\/index.php?rest_route=\/wp\/v2\/users\/1"}],"replies":[{"embeddable":true,"href":"https:\/\/pewma.ubiobio.cl\/index.php?rest_route=%2Fwp%2Fv2%2Fcomments&post=20"}],"version-history":[{"count":2,"href":"https:\/\/pewma.ubiobio.cl\/index.php?rest_route=\/wp\/v2\/pages\/20\/revisions"}],"predecessor-version":[{"id":83,"href":"https:\/\/pewma.ubiobio.cl\/index.php?rest_route=\/wp\/v2\/pages\/20\/revisions\/83"}],"wp:attachment":[{"href":"https:\/\/pewma.ubiobio.cl\/index.php?rest_route=%2Fwp%2Fv2%2Fmedia&parent=20"}],"curies":[{"name":"wp","href":"https:\/\/api.w.org\/{rel}","templated":true}]}}