{"id":21,"date":"2025-06-03T18:25:24","date_gmt":"2025-06-03T18:25:24","guid":{"rendered":"https:\/\/pewma.ubiobio.cl\/?page_id=21"},"modified":"2025-06-09T15:23:18","modified_gmt":"2025-06-09T15:23:18","slug":"about","status":"publish","type":"page","link":"https:\/\/pewma.ubiobio.cl\/?page_id=21","title":{"rendered":"CARACTER\u00cdSTICAS"},"content":{"rendered":"\n<p><strong>GPU:<\/strong> 8 GPU NVIDIA A100 80GB Tensor Core<br><strong>Memoria de GPU<\/strong>: 640 GB en total<br><strong>CPU: <\/strong> Dual AMD Rome 7742, 128 n\u00facleos en total,  3.4 GHz<br><strong>Memoria RAM :<\/strong> 2 TB<\/p>\n\n\n\n<p><strong>Rendimiento :<\/strong> <\/p>\n\n\n\n<figure class=\"wp-block-table\"><table class=\"has-fixed-layout\"><thead><tr><th>Tipo de operaci\u00f3n<\/th><th>Rendimiento por GPU<\/th><th>Rendimiento total (8 GPU)<\/th><\/tr><\/thead><tbody><tr><td>FP64 (doble precisi\u00f3n)<\/td><td>~19.5 TFLOPS<\/td><td>~156 TFLOPS<\/td><\/tr><tr><td>FP32 (simple precisi\u00f3n)<\/td><td>~156 TFLOPS<\/td><td>~1,248 TFLOPS<\/td><\/tr><tr><td>Tensor Core (FP16)<\/td><td>~312 TFLOPS<\/td><td>~2,496 TFLOPS<\/td><\/tr><tr><td>Tensor Core (BF16)<\/td><td>~312 TFLOPS<\/td><td>~2,496 TFLOPS<\/td><\/tr><tr><td>Tensor Core (TF32)<\/td><td>~312 TFLOPS<\/td><td>~2,496 TFLOPS<\/td><\/tr><tr><td>INT8 (IA inferencia)<\/td><td>~1,248 TOPS<\/td><td>~9,984 TOPS<\/td><\/tr><\/tbody><\/table><\/figure>\n\n\n\n<p><br><\/p>\n","protected":false},"excerpt":{"rendered":"<p>GPU: 8 GPU NVIDIA A100 80GB Tensor CoreMemoria de GPU: 640 GB en totalCPU: Dual AMD Rome 7742, 128 n\u00facleos en total, 3.4 GHzMemoria RAM : 2 TB Rendimiento : Tipo de operaci\u00f3n Rendimiento por GPU Rendimiento total (8 GPU) FP64 (doble precisi\u00f3n) ~19.5 TFLOPS ~156 TFLOPS FP32 (simple precisi\u00f3n) ~156 TFLOPS ~1,248 TFLOPS Tensor &hellip; <\/p>\n<p class=\"link-more\"><a href=\"https:\/\/pewma.ubiobio.cl\/?page_id=21\" class=\"more-link\">Continue reading<span class=\"screen-reader-text\"> &#8220;CARACTER\u00cdSTICAS&#8221;<\/span><\/a><\/p>\n","protected":false},"author":1,"featured_media":0,"parent":0,"menu_order":0,"comment_status":"closed","ping_status":"closed","template":"","meta":{"footnotes":""},"class_list":["post-21","page","type-page","status-publish","hentry"],"_links":{"self":[{"href":"https:\/\/pewma.ubiobio.cl\/index.php?rest_route=\/wp\/v2\/pages\/21","targetHints":{"allow":["GET"]}}],"collection":[{"href":"https:\/\/pewma.ubiobio.cl\/index.php?rest_route=\/wp\/v2\/pages"}],"about":[{"href":"https:\/\/pewma.ubiobio.cl\/index.php?rest_route=\/wp\/v2\/types\/page"}],"author":[{"embeddable":true,"href":"https:\/\/pewma.ubiobio.cl\/index.php?rest_route=\/wp\/v2\/users\/1"}],"replies":[{"embeddable":true,"href":"https:\/\/pewma.ubiobio.cl\/index.php?rest_route=%2Fwp%2Fv2%2Fcomments&post=21"}],"version-history":[{"count":11,"href":"https:\/\/pewma.ubiobio.cl\/index.php?rest_route=\/wp\/v2\/pages\/21\/revisions"}],"predecessor-version":[{"id":111,"href":"https:\/\/pewma.ubiobio.cl\/index.php?rest_route=\/wp\/v2\/pages\/21\/revisions\/111"}],"wp:attachment":[{"href":"https:\/\/pewma.ubiobio.cl\/index.php?rest_route=%2Fwp%2Fv2%2Fmedia&parent=21"}],"curies":[{"name":"wp","href":"https:\/\/api.w.org\/{rel}","templated":true}]}}