{"id":22,"date":"2025-06-03T18:25:24","date_gmt":"2025-06-03T18:25:24","guid":{"rendered":"https:\/\/pewma.ubiobio.cl\/?page_id=22"},"modified":"2025-06-09T15:31:20","modified_gmt":"2025-06-09T15:31:20","slug":"contact","status":"publish","type":"page","link":"https:\/\/pewma.ubiobio.cl\/?page_id=22","title":{"rendered":"CONTACTO"},"content":{"rendered":"\n<p>Si necesitas m\u00e1s informaci\u00f3n sobre PEWMA o dudas sobre c\u00f3mo puedes acceder a los servicios disponibles, cont\u00e1ctanos al mail : pewma@ubiobio.cl<\/p>\n\n\n\n<p><\/p>\n","protected":false},"excerpt":{"rendered":"<p>Si necesitas m\u00e1s informaci\u00f3n sobre PEWMA o dudas sobre c\u00f3mo puedes acceder a los servicios disponibles, cont\u00e1ctanos al mail : pewma@ubiobio.cl<\/p>\n","protected":false},"author":1,"featured_media":0,"parent":0,"menu_order":0,"comment_status":"closed","ping_status":"closed","template":"","meta":{"footnotes":""},"class_list":["post-22","page","type-page","status-publish","hentry"],"_links":{"self":[{"href":"https:\/\/pewma.ubiobio.cl\/index.php?rest_route=\/wp\/v2\/pages\/22","targetHints":{"allow":["GET"]}}],"collection":[{"href":"https:\/\/pewma.ubiobio.cl\/index.php?rest_route=\/wp\/v2\/pages"}],"about":[{"href":"https:\/\/pewma.ubiobio.cl\/index.php?rest_route=\/wp\/v2\/types\/page"}],"author":[{"embeddable":true,"href":"https:\/\/pewma.ubiobio.cl\/index.php?rest_route=\/wp\/v2\/users\/1"}],"replies":[{"embeddable":true,"href":"https:\/\/pewma.ubiobio.cl\/index.php?rest_route=%2Fwp%2Fv2%2Fcomments&post=22"}],"version-history":[{"count":5,"href":"https:\/\/pewma.ubiobio.cl\/index.php?rest_route=\/wp\/v2\/pages\/22\/revisions"}],"predecessor-version":[{"id":115,"href":"https:\/\/pewma.ubiobio.cl\/index.php?rest_route=\/wp\/v2\/pages\/22\/revisions\/115"}],"wp:attachment":[{"href":"https:\/\/pewma.ubiobio.cl\/index.php?rest_route=%2Fwp%2Fv2%2Fmedia&parent=22"}],"curies":[{"name":"wp","href":"https:\/\/api.w.org\/{rel}","templated":true}]}}