{"id":97,"date":"2025-06-05T20:45:46","date_gmt":"2025-06-05T20:45:46","guid":{"rendered":"https:\/\/pewma.ubiobio.cl\/?page_id=97"},"modified":"2025-06-09T15:30:05","modified_gmt":"2025-06-09T15:30:05","slug":"agradecimientos-y-citacion","status":"publish","type":"page","link":"https:\/\/pewma.ubiobio.cl\/?page_id=97","title":{"rendered":"AGRADECIMIENTOS Y CITACI\u00d3N"},"content":{"rendered":"\n<h2 class=\"wp-block-heading\"><\/h2>\n\n\n\n<p>Toda investigaci\u00f3n que ha usado PEWMA&nbsp;<strong>debe incluir el siguiente agradecimiento<\/strong>&nbsp;en sus publicaciones:<\/p>\n\n\n\n<ul class=\"wp-block-list\">\n<li><strong>ingl\u00e9s<\/strong>:\n<ul class=\"wp-block-list\">\n<li><em>This research was supported by PEWMA  supercomputer of University of B\u00edo-B\u00edo (FONDEQUIP EQM220137)<\/em>.<\/li>\n<\/ul>\n<\/li>\n\n\n\n<li><strong>espa\u00f1ol<\/strong>:\n<ul class=\"wp-block-list\">\n<li><em>Esta investigaci\u00f3n fue apoyada por el supercomputador PEWMA de la <em>Universidad del B\u00edo-B\u00edo <\/em>de Chile (FONDEQUIP EQM220137)<\/em>.<\/li>\n<\/ul>\n<\/li>\n<\/ul>\n\n\n\n<p><\/p>\n","protected":false},"excerpt":{"rendered":"<p>Toda investigaci\u00f3n que ha usado PEWMA&nbsp;debe incluir el siguiente agradecimiento&nbsp;en sus publicaciones:<\/p>\n","protected":false},"author":1,"featured_media":0,"parent":0,"menu_order":0,"comment_status":"closed","ping_status":"closed","template":"","meta":{"footnotes":""},"class_list":["post-97","page","type-page","status-publish","hentry"],"_links":{"self":[{"href":"https:\/\/pewma.ubiobio.cl\/index.php?rest_route=\/wp\/v2\/pages\/97","targetHints":{"allow":["GET"]}}],"collection":[{"href":"https:\/\/pewma.ubiobio.cl\/index.php?rest_route=\/wp\/v2\/pages"}],"about":[{"href":"https:\/\/pewma.ubiobio.cl\/index.php?rest_route=\/wp\/v2\/types\/page"}],"author":[{"embeddable":true,"href":"https:\/\/pewma.ubiobio.cl\/index.php?rest_route=\/wp\/v2\/users\/1"}],"replies":[{"embeddable":true,"href":"https:\/\/pewma.ubiobio.cl\/index.php?rest_route=%2Fwp%2Fv2%2Fcomments&post=97"}],"version-history":[{"count":6,"href":"https:\/\/pewma.ubiobio.cl\/index.php?rest_route=\/wp\/v2\/pages\/97\/revisions"}],"predecessor-version":[{"id":114,"href":"https:\/\/pewma.ubiobio.cl\/index.php?rest_route=\/wp\/v2\/pages\/97\/revisions\/114"}],"wp:attachment":[{"href":"https:\/\/pewma.ubiobio.cl\/index.php?rest_route=%2Fwp%2Fv2%2Fmedia&parent=97"}],"curies":[{"name":"wp","href":"https:\/\/api.w.org\/{rel}","templated":true}]}}